{"id":1442,"date":"2017-12-07T12:32:39","date_gmt":"2017-12-07T18:32:39","guid":{"rendered":"https:\/\/aknabebe.com\/?page_id=1442"},"modified":"2021-12-13T20:17:43","modified_gmt":"2021-12-14T02:17:43","slug":"confidentialite","status":"publish","type":"page","link":"https:\/\/aknabebes.com\/fr\/confidentialite\/","title":{"rendered":"Confidentialit\u00e9"},"content":{"rendered":"\n<h4><strong>L&rsquo;engagement d&rsquo;AKNA envers votre vie priv\u00e9e<\/strong><\/h4>\n<p>Chez <strong> AKNA <\/strong> nous respectons votre droit \u00e0 la vie priv\u00e9e et \u00e0 la protection de vos donn\u00e9es personnelles. Nous ne vendons ni ne louons vos donn\u00e9es \u00e0 des tiers. Nous transf\u00e9rons ou partageons vos donn\u00e9es personnelles \u00e0 des tiers uniquement dans les conditions \u00e9tablies dans le pr\u00e9sent avis de confidentialit\u00e9. Ces communications ne sont faites que si vous y avez consenti ou lorsque votre consentement n&rsquo;est pas requis, au regard de la l\u00e9gislation applicable.<\/p>\n<p>Il est \u00e9galement important pour nous que vous ayez la possibilit\u00e9 de prendre des d\u00e9cisions \u00e9clair\u00e9es sur la fa\u00e7on dont nous utilisons vos donn\u00e9es personnelles.<\/p>\n<p>Cet avis de confidentialit\u00e9 explique les politiques et pratiques de confidentialit\u00e9 qui sont r\u00e9gies par <strong> AKNA <\/strong> en ce qui concerne le traitement que nous faisons de vos donn\u00e9es personnelles (entendant par traitement l&rsquo;obtention, l&rsquo;utilisation, la divulgation et le stockage de ces donn\u00e9es) et les mesures que nous prenons pour prot\u00e9ger vos donn\u00e9es.<\/p>\n<p>Cet avis s&rsquo;adresse \u00e0 :<\/p>\n<ul>\n<li>Nos clients lorsqu&rsquo;ils utilisent notre site Web situ\u00e9 \u00e0 l&rsquo;adresse <strong> aknabebes.com <\/strong> (le \u00ab Site Web \u00bb).<\/li>\n<\/ul>\n<ol>\n<li><strong>Qu&rsquo;est-ce que les donn\u00e9es personnelles ?<\/strong><\/li>\n<\/ol>\n<p>Les donn\u00e9es personnelles sont toutes les informations relatives \u00e0 une personne physique, qui l&rsquo;identifient ou qui peuvent \u00eatre associ\u00e9es \u00e0 une personne identifiable.<\/p>\n<ol start=\"2\">\n<li><strong>Quelles donn\u00e9es personnelles sont collect\u00e9es par Akna ?<\/strong><\/li>\n<\/ol>\n<p>Aux fins \u00e9tablies dans le pr\u00e9sent avis de confidentialit\u00e9, nous pouvons obtenir les donn\u00e9es personnelles vis\u00e9es ci-dessous :<\/p>\n<ol>\n<li>Donn\u00e9es d&rsquo;identification : informations qui vous permettent de vous diff\u00e9rencier des autres personnes. Ces donn\u00e9es comprennent : le pr\u00e9nom et le nom.<\/li>\n<li>Coordonn\u00e9es : informations qui nous permettent de rester en contact avec vous. Ces donn\u00e9es incluent : votre e-mail, votre num\u00e9ro de t\u00e9l\u00e9phone fixe ou tout autre t\u00e9l\u00e9phone de contact.<\/li>\n<\/ol>\n<h4><strong>Avis de confidentialit\u00e9<\/strong><strong> <\/strong><\/h4>\n<p><strong>Identit\u00e9 responsable<\/strong><\/p>\n<p><strong>aknabebes.com <\/strong> est responsable du traitement de vos donn\u00e9es personnelles.<\/p>\n<p><strong> Donn\u00e9es personnelles collect\u00e9es par AKNA <\/strong> <strong>, qui ne sont pas des donn\u00e9es personnelles sensibles <\/strong><\/p>\n<p>Pour la fourniture de nos Services (tel que ce terme est d\u00e9fini ci-dessous) et pour remplir les finalit\u00e9s du traitement indiqu\u00e9es dans la pr\u00e9sente d\u00e9claration de confidentialit\u00e9, il est n\u00e9cessaire et\/ou requis par la r\u00e9glementation en vigueur que <strong> AKNA <\/strong> utilise : vos donn\u00e9es d&rsquo;identification et de contact personnelles.<\/p>\n<p><strong>Objectifs principaux<\/strong><\/p>\n<p><strong> AKNA <\/strong> traitera les donn\u00e9es personnelles d\u00e9crites ci-dessus pour mener \u00e0 bien tout ou partie des activit\u00e9s n\u00e9cessaires au d\u00e9veloppement et \u00e0 l&rsquo;ex\u00e9cution des obligations qui naissent et d\u00e9coulent de la relation contractuelle et \/ ou commerciale de la fourniture du Services ou pour la gestion des Services.<\/p>\n<p><strong>Fins secondaires<\/strong><\/p>\n<p><strong> AKNA <\/strong> traitera vos donn\u00e9es personnelles pour r\u00e9aliser tout ou partie des objectifs secondaires tels que :<\/p>\n<ul>\n<li>Vous informer du lancement ou des modifications de nouveaux services, promotions et\/ou offres selon les int\u00e9r\u00eats de <strong> AKNA <\/strong> ainsi que d&rsquo;autres marques et\/ou soci\u00e9t\u00e9s affili\u00e9es et\/ou filiales de <strong> AKNA <\/ strong >, y compris l&rsquo;envoi de communications par e-mail.<\/li>\n<\/ul>\n<h4><strong>Modifications de l&rsquo;avis de confidentialit\u00e9<\/strong><\/h4>\n<p>AKNA <\/strong>se r\u00e9serve le droit de modifier cet avis de confidentialit\u00e9 \u00e0 tout moment. Cependant, nous vous informerons du fait que des modifications ont \u00e9t\u00e9 apport\u00e9es \u00e0 l&rsquo;Avis, indiquant clairement en haut de l&rsquo;Avis la date de sa derni\u00e8re mise \u00e0 jour. L&rsquo;avis mis \u00e0 jour sera publi\u00e9 sur notre site Web : aknabebes.com<\/p>\n<p>Nous vous sugg\u00e9rons de consulter notre Avis de confidentialit\u00e9 pour vous assurer que vous comprenez comment vos donn\u00e9es personnelles seront utilis\u00e9es. Toute modification de notre Avis de confidentialit\u00e9 sera effective 30 jours calendaires \u00e0 compter de sa publication.<\/p>\n<p>Pour toute question concernant la confidentialit\u00e9 des donn\u00e9es concernant le d\u00e9partement des donn\u00e9es personnelles de Capital, veuillez envoyer un e-mail \u00e0 info@akna.com.mx et vous serez ravi de r\u00e9pondre.<\/p>\n<p>Conform\u00e9ment \u00e0 la LFPDPPP, vous disposez des droits d&rsquo;acc\u00e8s, de rectification, d&rsquo;annulation et d&rsquo;opposition au traitement (les \u00ab Droits ARCO \u00bb); de m\u00eame, avec le droit de r\u00e9voquer \u00e0 tout moment le consentement accord\u00e9 pour le traitement de vos donn\u00e9es personnelles dans la mesure permise par la loi. Pour l&rsquo;exercice de vos Droits ARCO ou de votre droit de r\u00e9tractation ou pour formuler tout doute ou r\u00e9clamation concernant le traitement de vos donn\u00e9es personnelles, veuillez contacter notre Service des Donn\u00e9es Personnelles (\u00ab DDP \u00bb). Vos demandes seront \u00e9valu\u00e9es selon les termes \u00e9tablis dans le LFPDPPP et d&rsquo;autres obligations applicables. <\/p>\n<p> Pour ce qui pr\u00e9c\u00e8de, vous devez envoyer \u00e0 notre DDP<\/p>\n<ul>\n<li>Nom complet et pi\u00e8ce d&rsquo;identit\u00e9 officielle actuelle ou document prouvant la repr\u00e9sentation du propri\u00e9taire des donn\u00e9es, le cas \u00e9ch\u00e9ant ;<\/li>\n<li>Description claire et pr\u00e9cise des donn\u00e9es personnelles sur lesquelles vous souhaitez exercer vos Droits ARCO ;<\/li>\n<li>Moyens de contact (adresse, t\u00e9l\u00e9phone ou email),<\/li>\n<li>L&rsquo;endroit ou l&#8217;email o\u00f9 vous souhaitez recevoir les donn\u00e9es.<\/li>\n<\/ul>\n<p> Vous recevrez notre r\u00e9ponse dans un d\u00e9lai maximum de 20 jours \u00e0 compter de la r\u00e9ception de votre demande, et nous la rendrons effective dans un d\u00e9lai de 15 jours \u00e0 compter de la date \u00e0 laquelle nous vous communiquerons notre r\u00e9ponse. Dans le cas de demandes d&rsquo;acc\u00e8s aux donn\u00e9es personnelles, nous fournirons les informations demand\u00e9es, apr\u00e8s accr\u00e9ditation de l&rsquo;identit\u00e9 du demandeur ou du repr\u00e9sentant l\u00e9gal, g\u00e9n\u00e9ralement par voie \u00e9lectronique, avec un acc\u00e8s physique pendant 15 jours, si cela est possible, ou par simple copies de nos documents. . <\/p>\n<\/p>\n<p> Date de derni\u00e8re mise \u00e0 jour 26 octobre 2021 <\/p>\n\n\n","protected":false},"excerpt":{"rendered":"","protected":false},"author":3,"featured_media":0,"parent":0,"menu_order":0,"comment_status":"closed","ping_status":"closed","template":"","meta":{"inline_featured_image":false},"_links":{"self":[{"href":"https:\/\/aknabebes.com\/fr\/wp-json\/wp\/v2\/pages\/1442"}],"collection":[{"href":"https:\/\/aknabebes.com\/fr\/wp-json\/wp\/v2\/pages"}],"about":[{"href":"https:\/\/aknabebes.com\/fr\/wp-json\/wp\/v2\/types\/page"}],"author":[{"embeddable":true,"href":"https:\/\/aknabebes.com\/fr\/wp-json\/wp\/v2\/users\/3"}],"replies":[{"embeddable":true,"href":"https:\/\/aknabebes.com\/fr\/wp-json\/wp\/v2\/comments?post=1442"}],"version-history":[{"count":4,"href":"https:\/\/aknabebes.com\/fr\/wp-json\/wp\/v2\/pages\/1442\/revisions"}],"predecessor-version":[{"id":2000,"href":"https:\/\/aknabebes.com\/fr\/wp-json\/wp\/v2\/pages\/1442\/revisions\/2000"}],"wp:attachment":[{"href":"https:\/\/aknabebes.com\/fr\/wp-json\/wp\/v2\/media?parent=1442"}],"curies":[{"name":"wp","href":"https:\/\/api.w.org\/{rel}","templated":true}]}}