{"id":1440,"date":"2017-10-05T11:23:04","date_gmt":"2017-10-05T16:23:04","guid":{"rendered":"https:\/\/aknabebe.com\/?page_id=1440"},"modified":"2020-06-09T11:49:17","modified_gmt":"2020-06-09T16:49:17","slug":"prenatal","status":"publish","type":"page","link":"https:\/\/aknabebes.com\/fr\/prenatal\/","title":{"rendered":"Pr\u00e9natal"},"content":{"rendered":"\n<div class=\"container section-title-container\" ><h3 class=\"section-title section-title-bold\"><b><\/b><span class=\"section-title-main\" >Pr\u00e9natal<\/span><b><\/b><\/h3><\/div>\n\n<p class=\"crimson-font\" style=\"text-align: center; font-size: 1.5rem;\"><strong>Accompagnement durant la grossesse et pr\u00e9paration de l&rsquo;arriv\u00e9e du b\u00e9b\u00e9.<\/strong><\/p>\n\t<div class=\"img has-hover x md-x lg-x y md-y lg-y\" id=\"image_457549240\">\n\t\t\t\t\t\t\t\t<div class=\"img-inner dark\" >\n\t\t\t<img width=\"560\" height=\"315\" src=\"https:\/\/aknabebes.com\/wp-content\/uploads\/2018\/06\/1.png\" class=\"attachment-large size-large\" alt=\"\" loading=\"lazy\" \/>\t\t\t\t\t\t\n\t\t\t\t\t<\/div>\n\t\t\t\t\t\t\t\t\n<style>\n#image_457549240 {\n  width: 100%;\n}\n<\/style>\n\t<\/div>\n\t\n\n\t<div id=\"gap-648109724\" class=\"gap-element clearfix\" style=\"display:block; height:auto;\">\n\t\t\n<style>\n#gap-648109724 {\n  padding-top: 30px;\n}\n<\/style>\n\t<\/div>\n\t\n\n<p>Attendre et donner naissance \u00e0 un enfant est une exp\u00e9rience complexe qui change la femme dans son corps, dans sa psych\u00e9, dans ses \u00e9motions et dans son identit\u00e9. La joie d&rsquo;attendre un b\u00e9b\u00e9 est tr\u00e8s souvent m\u00eal\u00e9e d\u2019ambivalence: \u00eatre enceinte est source d&rsquo;espoir, mais aussi de peurs, d&rsquo;appr\u00e9hensions et parfois de doutes.<\/p>\n<p>Devenir parent implique un parcours d&rsquo;adaptation et de r\u00e9organisation interne conscient et inconscient pour une femme, son partenaire et sa famille.<\/p>\n<p>Parfois, des sympt\u00f4mes d&rsquo;anxi\u00e9t\u00e9, de troubles du sommeil ou de l&rsquo;alimentation ou des probl\u00e8mes dans le couple peuvent survenir.<\/p>\n<p>Ce sont g\u00e9n\u00e9ralement des exp\u00e9riences difficiles \u00e0 partager avec l&rsquo;environnement et qui peuvent \u00eatre \u00e0 l&rsquo;origine d&rsquo;une demande d&rsquo;aide.<\/p>\n<p>Nous proposons un accompagnement psychologique individuel et \/ ou en couple pour mieux pr\u00e9parer le r\u00f4le de parents et la place de l&rsquo;enfant \u00e0 na\u00eetre.<\/p>\n<div class=\"text-center\"><div class=\"is-divider divider clearfix\" ><\/div><\/div>\n\n<p class=\"crimson-font\" style=\"text-align: center; font-size: 1.5rem;\"><strong>Soutien psychologique lors de complications de la grossesse<\/strong><\/p>\n\t<div class=\"img has-hover x md-x lg-x y md-y lg-y\" id=\"image_1592947945\">\n\t\t\t\t\t\t\t\t<div class=\"img-inner dark\" >\n\t\t\t<img width=\"1000\" height=\"667\" src=\"https:\/\/aknabebes.com\/wp-content\/uploads\/2018\/06\/shutterstock_315125249.jpg\" class=\"attachment-large size-large\" alt=\"\" loading=\"lazy\" srcset=\"https:\/\/aknabebes.com\/wp-content\/uploads\/2018\/06\/shutterstock_315125249.jpg 1000w, https:\/\/aknabebes.com\/wp-content\/uploads\/2018\/06\/shutterstock_315125249-600x400.jpg 600w, https:\/\/aknabebes.com\/wp-content\/uploads\/2018\/06\/shutterstock_315125249-768x512.jpg 768w\" sizes=\"(max-width: 1000px) 100vw, 1000px\" \/>\t\t\t\t\t\t\n\t\t\t\t\t<\/div>\n\t\t\t\t\t\t\t\t\n<style>\n#image_1592947945 {\n  width: 100%;\n}\n<\/style>\n\t<\/div>\n\t\n\n\t<div id=\"gap-86986502\" class=\"gap-element clearfix\" style=\"display:block; height:auto;\">\n\t\t\n<style>\n#gap-86986502 {\n  padding-top: 30px;\n}\n<\/style>\n\t<\/div>\n\t\n\n<p>La grossesse et l&rsquo;accouchement confrontent la m\u00e8re \u00e0 une double t\u00e2che psychique : organiser la pens\u00e9e autour du b\u00e9b\u00e9 en m\u00eame temps que g\u00e9rer les angoisses dans le cadre de la p\u00e9rinatalit\u00e9.<\/p>\n<p>Dans le cas d&rsquo;une grossesse \u00e0 haut risque, cette t\u00e2che est compliqu\u00e9e lorsqu&rsquo;elle implique une hospitalisation. En effet, les parents doivent parfois assimiler des informations et des pr\u00e9visions m\u00e9dicales morbides.<\/p>\n<p>Avec la fr\u00e9quence des ultrasons, l&rsquo;observation quotidienne de la fr\u00e9quence cardiaque f\u0153tale, le repos forc\u00e9 de la m\u00e8re, les soins m\u00e9dicaux, la m\u00e9dicalisation de la grossesse peuvent \u00eatre v\u00e9cus comme une intrusion et g\u00e9n\u00e9rer beaucoup d&rsquo;angoisse et d&rsquo;impuissance.<\/p>\n<p>Lorsque le processus de grossesse est perturb\u00e9 par des risques de retard de d\u00e9veloppement intra-ut\u00e9rin, de pr\u00e9maturit\u00e9 ou de d\u00e9tresse f\u0153tale, il est difficile pour la m\u00e8re de vivre la p\u00e9riode de la grossesse avec s\u00e9r\u00e9nit\u00e9 et d&rsquo;avoir la capacit\u00e9 de penser \u00e0 la relation avec cet enfant.<\/p>\n<p>Le cas des couples qui d\u00e9cident d&rsquo;entreprendre une procr\u00e9ation m\u00e9dicalement assist\u00e9e traversent souvent un parcours tr\u00e8s \u00e9puisant physiquement et \u00e9motionnellement. Non seulement ils doivent faire face au diagnostic d&rsquo;infertilit\u00e9, mais ils subissent \u00e9galement beaucoup de stress lors du traitement de fertilit\u00e9. L&rsquo;incertitude quant \u00e0 leur devenir de parents, la pression devant l\u2019attente de r\u00e9sultats positifs peut faire tomber le couple dans une v\u00e9ritable d\u00e9pression et anxi\u00e9t\u00e9.<\/p>\n<p>Ces situations, ainsi qu&rsquo;une grossesse inattendue dans une situation sociale et \u00e9conomique pr\u00e9caire ou une grossesse \u00e0 l&rsquo;adolescence sont des contextes difficiles pour lesquels l&rsquo;accompagnement psychologique p\u00e9rinatal prend tout son sens.<\/p>\n\n","protected":false},"excerpt":{"rendered":"<p>Accompagnement durant la grossesse et pr\u00e9paration de l&rsquo;arriv\u00e9e du b\u00e9b\u00e9. Attendre et donner naissance \u00e0 un enfant est une exp\u00e9rience complexe qui change la femme dans son corps, dans sa psych\u00e9, dans ses \u00e9motions et dans son identit\u00e9. La joie d&rsquo;attendre un b\u00e9b\u00e9 est tr\u00e8s souvent m\u00eal\u00e9e d\u2019ambivalence: \u00eatre enceinte est source d&rsquo;espoir, mais aussi[&#8230;]\n","protected":false},"author":3,"featured_media":0,"parent":0,"menu_order":0,"comment_status":"closed","ping_status":"closed","template":"page-right-sidebar.php","meta":{"inline_featured_image":false},"_links":{"self":[{"href":"https:\/\/aknabebes.com\/fr\/wp-json\/wp\/v2\/pages\/1440"}],"collection":[{"href":"https:\/\/aknabebes.com\/fr\/wp-json\/wp\/v2\/pages"}],"about":[{"href":"https:\/\/aknabebes.com\/fr\/wp-json\/wp\/v2\/types\/page"}],"author":[{"embeddable":true,"href":"https:\/\/aknabebes.com\/fr\/wp-json\/wp\/v2\/users\/3"}],"replies":[{"embeddable":true,"href":"https:\/\/aknabebes.com\/fr\/wp-json\/wp\/v2\/comments?post=1440"}],"version-history":[{"count":32,"href":"https:\/\/aknabebes.com\/fr\/wp-json\/wp\/v2\/pages\/1440\/revisions"}],"predecessor-version":[{"id":1882,"href":"https:\/\/aknabebes.com\/fr\/wp-json\/wp\/v2\/pages\/1440\/revisions\/1882"}],"wp:attachment":[{"href":"https:\/\/aknabebes.com\/fr\/wp-json\/wp\/v2\/media?parent=1440"}],"curies":[{"name":"wp","href":"https:\/\/api.w.org\/{rel}","templated":true}]}}