{"id":1438,"date":"2017-10-05T11:23:04","date_gmt":"2017-10-05T16:23:04","guid":{"rendered":"https:\/\/aknabebe.com\/?page_id=1438"},"modified":"2020-06-07T12:48:01","modified_gmt":"2020-06-07T17:48:01","slug":"postnatal","status":"publish","type":"page","link":"https:\/\/aknabebes.com\/fr\/postnatal\/","title":{"rendered":"Postnatal"},"content":{"rendered":"\n<div class=\"container section-title-container\" ><h3 class=\"section-title section-title-bold\"><b><\/b><span class=\"section-title-main\" >Postnatal<\/span><b><\/b><\/h3><\/div>\n\n<p class=\"crimson-font\" style=\"text-align: center; font-size: 1.5rem;\"><strong>Visites \u00e0 l&rsquo;h\u00f4pital pour des complications m\u00e9dicales de la m\u00e8re ou du b\u00e9b\u00e9.<\/strong><\/p>\n\t<div class=\"img has-hover x md-x lg-x y md-y lg-y\" id=\"image_821607447\">\n\t\t\t\t\t\t\t\t<div class=\"img-inner dark\" >\n\t\t\t<img width=\"1000\" height=\"667\" src=\"https:\/\/aknabebes.com\/wp-content\/uploads\/2018\/06\/shutterstock_418460977.jpg\" class=\"attachment-large size-large\" alt=\"\" loading=\"lazy\" srcset=\"https:\/\/aknabebes.com\/wp-content\/uploads\/2018\/06\/shutterstock_418460977.jpg 1000w, https:\/\/aknabebes.com\/wp-content\/uploads\/2018\/06\/shutterstock_418460977-600x400.jpg 600w, https:\/\/aknabebes.com\/wp-content\/uploads\/2018\/06\/shutterstock_418460977-768x512.jpg 768w\" sizes=\"(max-width: 1000px) 100vw, 1000px\" \/>\t\t\t\t\t\t\n\t\t\t\t\t<\/div>\n\t\t\t\t\t\t\t\t\n<style>\n#image_821607447 {\n  width: 100%;\n}\n<\/style>\n\t<\/div>\n\t\n\n\t<div id=\"gap-1942375547\" class=\"gap-element clearfix\" style=\"display:block; height:auto;\">\n\t\t\n<style>\n#gap-1942375547 {\n  padding-top: 30px;\n}\n<\/style>\n\t<\/div>\n\t\n\n<p>Lorsqu&rsquo;une perte p\u00e9rinatale survient, qu&rsquo;un b\u00e9b\u00e9 nait pr\u00e9matur\u00e9ment, ou avec une malformation, ou une maladie grave, menant \u00e0 l&rsquo;hospitalisation et \u00e0 la s\u00e9paration, c&rsquo;est un v\u00e9ritable traumatisme pour le b\u00e9b\u00e9 et sa famille.<\/p>\n<p>L&rsquo;\u00e9quipe m\u00e9dicale impliqu\u00e9e dans des soins hautement techniques peut avoir tendance \u00e0 se concentrer principalement sur les soins physiologiques du corps, sans pr\u00eater attention aux risques d &lsquo; une probl\u00e9matique dans la relation parent-b\u00e9b\u00e9 li\u00e9s \u00e0 l&rsquo;hospitalisation.<\/p>\n<p><strong>Pourquoi voir un psychologue ?<\/strong><\/p>\n<p><img loading=\"lazy\" class=\"size-medium wp-image-1363 alignright\" src=\"https:\/\/aknabebes.com\/wp-content\/uploads\/2018\/06\/baby-218149_1280-1-300x400.jpg\" alt=\"\" width=\"300\" height=\"400\" srcset=\"https:\/\/aknabebes.com\/wp-content\/uploads\/2018\/06\/baby-218149_1280-1-300x400.jpg 300w, https:\/\/aknabebes.com\/wp-content\/uploads\/2018\/06\/baby-218149_1280-1-600x800.jpg 600w, https:\/\/aknabebes.com\/wp-content\/uploads\/2018\/06\/baby-218149_1280-1-768x1024.jpg 768w, https:\/\/aknabebes.com\/wp-content\/uploads\/2018\/06\/baby-218149_1280-1.jpg 960w\" sizes=\"(max-width: 300px) 100vw, 300px\" \/>Un temps d&rsquo;\u00e9coute: un moment privil\u00e9gi\u00e9 pour exprimer vos exp\u00e9riences, vos doutes, vos pr\u00e9occupations le plus librement possible.<\/p>\n<p>Le psychologue joue le r\u00f4le de pont entre le b\u00e9b\u00e9, les parents et les m\u00e9decins.<\/p>\n<p>Le soutien \u00e0 la parentalit\u00e9: il est parfois difficile de trouver sa place en tant que parents dans un service hospitalier, il peut \u00eatre utile de parler de votre r\u00f4le unique et indispensable aupr\u00e8s de votre enfant.<\/p>\n<p>L&rsquo;implication des fr\u00e8res et s\u0153urs: lorsque les a\u00een\u00e9s veulent rencontrer le nouveau-n\u00e9 de la famille, l&rsquo;accompagnement par le psychologue est important pour mieux les pr\u00e9parer et leur permettre d&rsquo;exprimer leurs besoins.<\/p>\n<p>Il nous semble que ce dispositif in situ s\u2019inscrit dans le cadre de la pr\u00e9vention car il contribue \u00e0 \u00e9viter la mise en place d&rsquo;une situation potentiellement traumatique.<\/p>\n<p>Nous proposons un accompagnement psychologique au moment de l&rsquo;hospitalisation et plus tard, lors du retour \u00e0 domicile.<\/p>\n<div class=\"text-center\"><div class=\"is-divider divider clearfix\" ><\/div><\/div>\n\n<p class=\"crimson-font\" style=\"text-align: center; font-size: 1.5rem;\"><strong>Visites \u00e0 domicile<\/strong><\/p>\n\t<div class=\"img has-hover x md-x lg-x y md-y lg-y\" id=\"image_2039478700\">\n\t\t\t\t\t\t\t\t<div class=\"img-inner dark\" >\n\t\t\t<img width=\"1000\" height=\"667\" src=\"https:\/\/aknabebes.com\/wp-content\/uploads\/2018\/06\/shutterstock_619528517.jpg\" class=\"attachment-large size-large\" alt=\"\" loading=\"lazy\" srcset=\"https:\/\/aknabebes.com\/wp-content\/uploads\/2018\/06\/shutterstock_619528517.jpg 1000w, https:\/\/aknabebes.com\/wp-content\/uploads\/2018\/06\/shutterstock_619528517-600x400.jpg 600w, https:\/\/aknabebes.com\/wp-content\/uploads\/2018\/06\/shutterstock_619528517-768x512.jpg 768w\" sizes=\"(max-width: 1000px) 100vw, 1000px\" \/>\t\t\t\t\t\t\n\t\t\t\t\t<\/div>\n\t\t\t\t\t\t\t\t\n<style>\n#image_2039478700 {\n  width: 100%;\n}\n<\/style>\n\t<\/div>\n\t\n\n\t<div id=\"gap-2099333128\" class=\"gap-element clearfix\" style=\"display:block; height:auto;\">\n\t\t\n<style>\n#gap-2099333128 {\n  padding-top: 30px;\n}\n<\/style>\n\t<\/div>\n\t\n\n<p>Notre approche de cette situation comprend une vision globale de l&rsquo;enfant dans son environnement familial. L\u2019accompagnement \u00e0 domicile s\u00e9curise les parents, d\u00e9veloppe leur perception du b\u00e9b\u00e9 et leur apprend \u00e0 lui faire confiance. Le soutien que nous pouvons apporter aux parents dans leurs efforts pour s&rsquo;adapter \u00e0 ce b\u00e9b\u00e9, le comprendre, communiquer avec lui et accompagner ses initiatives motrices, est un facteur d\u00e9terminant dans la dynamique de son d\u00e9veloppement.<\/p>\n<p>Le soutien de comp\u00e9tences compl\u00e9mentaires d&rsquo;\u00e9quipes pluridisciplinaires peut \u00e9galement \u00eatre envisag\u00e9 si n\u00e9cessaire (p\u00e9diatre, psychomotricien, consultante en lactation).<\/p>\n<p>L&rsquo;intervention \u00e0 domicile est propos\u00e9e :<\/p>\n<ul>\n<li>Au retour \u00e0 la maison apr\u00e8s l&rsquo;hospitalisation, soit du b\u00e9b\u00e9 soit de la m\u00e8re. L&rsquo;arriv\u00e9e du b\u00e9b\u00e9 \u00e0 la maison peut \u00eatre difficile, m\u00eame si le b\u00e9b\u00e9 semble aller bien. Les parents peuvent se sentir isol\u00e9s, surtout s&rsquo;il n&rsquo;y a plus d&rsquo;\u00e9quipe m\u00e9dicale pour les soutenir.<\/li>\n<li>Au cas o\u00f9 la m\u00e8re serait tr\u00e8s inqui\u00e8te dans sa relation avec son b\u00e9b\u00e9 et aurait besoin d\u2019\u00eatre soutenue dans son environnement.<\/li>\n<li>Quand une m\u00e8re souffre beaucoup d&rsquo;anxi\u00e9t\u00e9 lorsqu&rsquo;elle sort avec son b\u00e9b\u00e9, dans les soins quotidiens et qu&rsquo;elle reste isol\u00e9e car redoute de se d\u00e9placer pour une consultation m\u00e8re-b\u00e9b\u00e9.<\/li>\n<\/ul>\n<div class=\"text-center\"><div class=\"is-divider divider clearfix\" ><\/div><\/div>\n\n<p class=\"crimson-font\" style=\"text-align: center; font-size: 1.5rem;\"><strong>Pr\u00e9vention et traitement de la d\u00e9pression post-partum<\/strong><\/p>\n\t<div class=\"img has-hover x md-x lg-x y md-y lg-y\" id=\"image_38568526\">\n\t\t\t\t\t\t\t\t<div class=\"img-inner dark\" >\n\t\t\t<img width=\"1000\" height=\"667\" src=\"https:\/\/aknabebes.com\/wp-content\/uploads\/2018\/06\/shutterstock_729856276.jpg\" class=\"attachment-large size-large\" alt=\"\" loading=\"lazy\" srcset=\"https:\/\/aknabebes.com\/wp-content\/uploads\/2018\/06\/shutterstock_729856276.jpg 1000w, https:\/\/aknabebes.com\/wp-content\/uploads\/2018\/06\/shutterstock_729856276-600x400.jpg 600w, https:\/\/aknabebes.com\/wp-content\/uploads\/2018\/06\/shutterstock_729856276-768x512.jpg 768w\" sizes=\"(max-width: 1000px) 100vw, 1000px\" \/>\t\t\t\t\t\t\n\t\t\t\t\t<\/div>\n\t\t\t\t\t\t\t\t\n<style>\n#image_38568526 {\n  width: 100%;\n}\n<\/style>\n\t<\/div>\n\t\n\n\t<div id=\"gap-995530885\" class=\"gap-element clearfix\" style=\"display:block; height:auto;\">\n\t\t\n<style>\n#gap-995530885 {\n  padding-top: 30px;\n}\n<\/style>\n\t<\/div>\n\t\n\n<p>Les progr\u00e8s r\u00e9alis\u00e9s dans le domaine des consultations m\u00e8re-b\u00e9b\u00e9 permettent d&rsquo;affirmer que la d\u00e9pression maternelle a des cons\u00e9quences psychologiques sur le d\u00e9veloppement du nourrisson et donc sur l&rsquo;enfant et son \u00e9volution adulte. Il a \u00e9t\u00e9 d\u00e9montr\u00e9 dans plusieurs \u00e9tudes qu&rsquo;entre 10% et 20% des femmes souffrent de d\u00e9pression avec la naissance bien qu&rsquo;elles n&rsquo;en soient pas conscientes. Les sympt\u00f4mes les plus courants associ\u00e9s \u00e0 la d\u00e9pression post-partum sont : la tristesse, l&rsquo;irritabilit\u00e9, la fatigue, l&rsquo;insomnie, la perte d&rsquo;app\u00e9tit et l&rsquo;anxi\u00e9t\u00e9. La femme qui a connu des situations de stress et d&rsquo;anxi\u00e9t\u00e9 pendant la grossesse est plus susceptible de souffrir de d\u00e9pression post-partum.<\/p>\n<p>Entreprendre une psychoth\u00e9rapie conjointe m\u00e8re-b\u00e9b\u00e9 dans les premi\u00e8res semaines apr\u00e8s la naissance, encore mieux pendant la grossesse, est important pour pr\u00e9venir de futurs troubles mentaux. Il arrive aussi fr\u00e9quemment que les sympt\u00f4mes du nourrisson soient un signe invitant \u00e0 la consultation. Un b\u00e9b\u00e9 hypotonique, un refus de manger ou un trouble du sommeil sont des sympt\u00f4mes d&rsquo;avertissement qui peuvent amener \u00e0 demander de l&rsquo;aide.<\/p>\n\n","protected":false},"excerpt":{"rendered":"<p>Visites \u00e0 l&rsquo;h\u00f4pital pour des complications m\u00e9dicales de la m\u00e8re ou du b\u00e9b\u00e9. Lorsqu&rsquo;une perte p\u00e9rinatale survient, qu&rsquo;un b\u00e9b\u00e9 nait pr\u00e9matur\u00e9ment, ou avec une malformation, ou une maladie grave, menant \u00e0 l&rsquo;hospitalisation et \u00e0 la s\u00e9paration, c&rsquo;est un v\u00e9ritable traumatisme pour le b\u00e9b\u00e9 et sa famille. L&rsquo;\u00e9quipe m\u00e9dicale impliqu\u00e9e dans des soins hautement techniques peut[&#8230;]\n","protected":false},"author":3,"featured_media":0,"parent":0,"menu_order":0,"comment_status":"closed","ping_status":"closed","template":"page-right-sidebar.php","meta":{"inline_featured_image":false},"_links":{"self":[{"href":"https:\/\/aknabebes.com\/fr\/wp-json\/wp\/v2\/pages\/1438"}],"collection":[{"href":"https:\/\/aknabebes.com\/fr\/wp-json\/wp\/v2\/pages"}],"about":[{"href":"https:\/\/aknabebes.com\/fr\/wp-json\/wp\/v2\/types\/page"}],"author":[{"embeddable":true,"href":"https:\/\/aknabebes.com\/fr\/wp-json\/wp\/v2\/users\/3"}],"replies":[{"embeddable":true,"href":"https:\/\/aknabebes.com\/fr\/wp-json\/wp\/v2\/comments?post=1438"}],"version-history":[{"count":26,"href":"https:\/\/aknabebes.com\/fr\/wp-json\/wp\/v2\/pages\/1438\/revisions"}],"predecessor-version":[{"id":1857,"href":"https:\/\/aknabebes.com\/fr\/wp-json\/wp\/v2\/pages\/1438\/revisions\/1857"}],"wp:attachment":[{"href":"https:\/\/aknabebes.com\/fr\/wp-json\/wp\/v2\/media?parent=1438"}],"curies":[{"name":"wp","href":"https:\/\/api.w.org\/{rel}","templated":true}]}}