{"id":1436,"date":"2017-10-05T11:23:04","date_gmt":"2017-10-05T16:23:04","guid":{"rendered":"https:\/\/aknabebe.com\/?page_id=1436"},"modified":"2021-02-15T13:44:35","modified_gmt":"2021-02-15T19:44:35","slug":"notre-equipe","status":"publish","type":"page","link":"https:\/\/aknabebes.com\/fr\/notre-equipe\/","title":{"rendered":"Notre \u00e9quipe"},"content":{"rendered":"\n<div class=\"container section-title-container\" ><h3 class=\"section-title section-title-bold\"><b><\/b><span class=\"section-title-main\" >Notre \u00e9quipe<\/span><b><\/b><\/h3><\/div>\n\n<div class=\"row row-collapse align-equal align-center\"  id=\"row-77891194\">\n\n\n\t<div id=\"col-951011231\" class=\"col medium-4 small-12 large-4\"  >\n\t\t\t\t<div class=\"col-inner\"  >\n\t\t\t\n\t\t\t\n\n\t<div id=\"gap-1174977262\" class=\"gap-element clearfix\" style=\"display:block; height:auto;\">\n\t\t\n<style>\n#gap-1174977262 {\n  padding-top: 8px;\n}\n<\/style>\n\t<\/div>\n\t\n\n\t<div class=\"box has-hover   has-hover box-text-bottom\" >\n\n\t\t<div class=\"box-image\" style=\"width:70%;\">\n\t\t\t\t\t\t<div class=\"\" >\n\t\t\t\t<img width=\"168\" height=\"298\" src=\"https:\/\/aknabebes.com\/wp-content\/uploads\/2020\/05\/Alexandra-styger.png\" class=\"attachment- size-\" alt=\"\" loading=\"lazy\" \/>\t\t\t\t\t\t\t\t\t\t\t<\/div>\n\t\t\t\t\t<\/div>\n\n\t\t<div class=\"box-text text-center\" >\n\t\t\t<div class=\"box-text-inner\">\n\t\t\t\t\n\n<h4 class=\"thin-font alt-font\"><span style=\"font-size: 200%;\">ALEXANDRA<br \/>STYGER<\/span><\/h4>\n<div class=\"is-divider divider clearfix\" style=\"margin-top:0.0em;margin-bottom:0.0em;height:4px;\"><\/div>\n\n<h3 class=\"alt-font\"><span style=\"color: #808080; font-size: 80%;\">Psychologue clinicienne.<\/span><\/h3>\n\n\t\t\t<\/div>\n\t\t<\/div>\n\t<\/div>\n\t\n\n\t\t<\/div>\n\t\t\t\t\t<\/div>\n\n\t\n\n\t<div id=\"col-113551693\" class=\"col medium-8 small-12 large-8\"  >\n\t\t\t\t<div class=\"col-inner\"  >\n\t\t\t\n\t\t\t\n\n<p style=\"text-align:justify;\">Titulaire d\u2019un DESS en psychopathologie clinique , des le d\u00e9but<br \/>\nde ma carri\u00e8re j\u2019ai toujours \u00e9t\u00e9 int\u00e9ress\u00e9e par le lien pr\u00e9coce<br \/>\nparents enfants.<br \/>Ma th\u00e8se \u00abD\u00e9sir inconscient d&rsquo;un enfant chez la femme\u00bb refl\u00e9tait<br \/>\ndepuis lors cet int\u00e9r\u00eat . C\u2019est pourquoi j&rsquo;ai effectu\u00e9 mes stages<br \/>\ndans des maternit\u00e9s, des institutions de soins maternels et<br \/>\ninfantiles .<br \/>Une fois dipl\u00f4m\u00e9e j&rsquo;ai travaill\u00e9 dans une institution d\u00e9di\u00e9e \u00e0 la<br \/>\nprotection de l\u2019enfance ,\u00e9valuant la relation avec la famille, e<br \/>\nplus tard j&rsquo;ai continu\u00e9 \u00e0 me concentrer sur la prise en charge des enfants et de la famille dans diff\u00e9rentes institutions.<\/p>\n<p style=\"text-align:justify;\">Je travaille depuis plus de 15 ans dans les cr\u00e8ches et \u00e9coles<br \/>\nmaternelles et primaires, ainsi que dans les consultations<br \/>\npriv\u00e9es. Gr\u00e2ce aux consultations avec de nombreux parents et \u00e0<br \/>\nmon observation clinique d&rsquo;enfants de tous \u00e2ges, j&rsquo;ai compris que<br \/>\nla relation parent-b\u00e9b\u00e9 est essentielle pour \u00e9viter les troubles du<br \/>\nd\u00e9veloppement du b\u00e9b\u00e9.<\/p>\n<p style=\"text-align:justify;\">C\u2019est pour cette raison, que j&rsquo;ai continu\u00e9 \u00e0 me sp\u00e9cialiser en<br \/>\n\u00abPsychopathologie de l&rsquo;enfant\u00bb et \u00abPsychologie de la<br \/>\ngrossesse\u00bb, en consolidant les outils n\u00e9cessaires pour d\u00e9velopper<br \/>\nune intervention pr\u00e9coce qui aide la famille dans la construction<br \/>\ndu lien avec leur enfant ,surtout lorsque cette \u00e9tape est v\u00e9cue<br \/>\ncomme une exp\u00e9rience de confusion et de doute.<\/p>\n<p style=\"text-align:justify;\">Chez AKNA, ma coll\u00e8gue et moi refl\u00e9tons notre passion pour<br \/>\nprendre soin du b\u00e9b\u00e9 et de sa famille.<\/p>\n\n\t\t<\/div>\n\t\t\t\t\t<\/div>\n\n\t\n\n<\/div>\n<div class=\"text-center\"><div class=\"is-divider divider clearfix\" style=\"height:6px;\"><\/div><\/div>\n\n<div class=\"row row-collapse align-equal align-center\"  id=\"row-1505046444\">\n\n\n\t<div id=\"col-1076485453\" class=\"col medium-4 small-12 large-4\"  >\n\t\t\t\t<div class=\"col-inner text-center\"  >\n\t\t\t\n\t\t\t\n\n\t<div id=\"gap-319286824\" class=\"gap-element clearfix\" style=\"display:block; height:auto;\">\n\t\t\n<style>\n#gap-319286824 {\n  padding-top: 8px;\n}\n<\/style>\n\t<\/div>\n\t\n\n\t<div class=\"box has-hover   has-hover box-text-bottom\" >\n\n\t\t<div class=\"box-image\" style=\"width:70%;\">\n\t\t\t\t\t\t<div class=\"\" >\n\t\t\t\t<img width=\"489\" height=\"676\" src=\"https:\/\/aknabebes.com\/wp-content\/uploads\/2021\/02\/Sonia_perfil.jpeg\" class=\"attachment- size-\" alt=\"\" loading=\"lazy\" srcset=\"https:\/\/aknabebes.com\/wp-content\/uploads\/2021\/02\/Sonia_perfil.jpeg 489w, https:\/\/aknabebes.com\/wp-content\/uploads\/2021\/02\/Sonia_perfil-289x400.jpeg 289w\" sizes=\"(max-width: 489px) 100vw, 489px\" \/>\t\t\t\t\t\t\t\t\t\t\t<\/div>\n\t\t\t\t\t<\/div>\n\n\t\t<div class=\"box-text text-center\" >\n\t\t\t<div class=\"box-text-inner\">\n\t\t\t\t\n\n<h4 class=\"thin-font alt-font\"><span style=\"font-size: 200%;\">SONIA<br \/>CHILLON<\/span><\/h4>\n<div class=\"is-divider divider clearfix\" style=\"margin-top:0.0em;margin-bottom:0.0em;height:4px;\"><\/div>\n\n<h3 class=\"alt-font\" style=\"text-align: center;\"><span style=\"color: #808080; font-size: 80%;\">Psychologue Clinicienne, th\u00e9rapeute familiale, de couple et d\u2019enfant.<br \/>Soutien \u00e0 la parentalit\u00e9.<\/span><\/h3>\n\n\t\t\t<\/div>\n\t\t<\/div>\n\t<\/div>\n\t\n\n\t\t<\/div>\n\t\t\t\t\t<\/div>\n\n\t\n\n\t<div id=\"col-1066232219\" class=\"col medium-8 small-12 large-8\"  >\n\t\t\t\t<div class=\"col-inner\"  >\n\t\t\t\n\t\t\t\n\n<p style=\"text-align:justify;\">J\u2019aicollabor\u00e9 avec diff\u00e9rentes ONG fran\u00e7aises et j\u2019ai effectu\u00e9 une mission humanitaire de 2 ans \u00e0 Madagascar de formation de travailleurs sociaux \u00e0 l\u2019accompagnement psychologique aux famillesde quartiers en situation de pauvret\u00e9 extr\u00eame.<\/p>\n<p style=\"text-align:justify;\">La question de la dynamique familiale et du transg\u00e9n\u00e9rationnel a toujours retenu mon attention. \u00c0 mon arriv\u00e9e au Mexique, j&rsquo;ai suivi une formation de th\u00e9rapeute de famille et de couple. Puis lors des th\u00e9rapies familiales, de nombreux dessins d\u2019enfants ont retenu mon attention de par les t\u00e9moignages qu\u2019ils rendaient des moments traumatisants li\u00e9s aux tout premiers stades de leur d\u00e9veloppement. J&rsquo;ai donc d\u00e9cid\u00e9 de compl\u00e9ter ma formation en psychoth\u00e9rapie psychanalytique d\u2019enfant.<\/p>\n<p style=\"text-align:justify;\">Parall\u00e8lement \u00e0 ma pratiquelib\u00e9rale, j\u2019exerce en tant que psychologue au Liceo Franco-Mexicain, o\u00f9 je constate chaque jour que de nombreux probl\u00e8mes de d\u00e9veloppement et d\u2019apprentissage pourraient \u00eatre pr\u00e9venus en intervenant \u00e0 un stade plus pr\u00e9coce. Je me suis donc form\u00e9e \u00e0 l&rsquo;observation des nourrissons avec la m\u00e9thode Ester Bick ainsi qu\u2019aux th\u00e9rapies conjointes m\u00e8re-b\u00e9b\u00e9.<\/p>\n<p style=\"text-align:justify;\">Enfin, je suis moi-m\u00eame devenue m\u00e8re au Mexique, o\u00f9 l\u2019accompagnement \u201chumanis\u00e9\u201d de la maternit\u00e9 m\u2019a sembl\u00e9 fondamental pour la bonne mise en place du lien m\u00e8re b\u00e9b\u00e9. J\u2019ai alors tenu \u00e0 d\u00e9velopper l\u2019accompagnement des parents et des b\u00e9b\u00e9 qui rencontrent des difficult\u00e9s autour de la p\u00e9rinatalit\u00e9.<\/p>\n<p style=\"text-align:justify;\">C\u2019est de cette pratique et de cet int\u00e9r\u00eat en commun que je me suis associ\u00e9e avec mon amie Alexandra Styger pour cr\u00e9er le projetAKNABEBE, accompagnement psychologique p\u00e9rinatal.<\/p>\n\n\t\t<\/div>\n\t\t\t\t\t<\/div>\n\n\t\n\n<\/div>\n\n","protected":false},"excerpt":{"rendered":"","protected":false},"author":3,"featured_media":0,"parent":0,"menu_order":0,"comment_status":"closed","ping_status":"closed","template":"","meta":{"inline_featured_image":false},"_links":{"self":[{"href":"https:\/\/aknabebes.com\/fr\/wp-json\/wp\/v2\/pages\/1436"}],"collection":[{"href":"https:\/\/aknabebes.com\/fr\/wp-json\/wp\/v2\/pages"}],"about":[{"href":"https:\/\/aknabebes.com\/fr\/wp-json\/wp\/v2\/types\/page"}],"author":[{"embeddable":true,"href":"https:\/\/aknabebes.com\/fr\/wp-json\/wp\/v2\/users\/3"}],"replies":[{"embeddable":true,"href":"https:\/\/aknabebes.com\/fr\/wp-json\/wp\/v2\/comments?post=1436"}],"version-history":[{"count":26,"href":"https:\/\/aknabebes.com\/fr\/wp-json\/wp\/v2\/pages\/1436\/revisions"}],"predecessor-version":[{"id":1971,"href":"https:\/\/aknabebes.com\/fr\/wp-json\/wp\/v2\/pages\/1436\/revisions\/1971"}],"wp:attachment":[{"href":"https:\/\/aknabebes.com\/fr\/wp-json\/wp\/v2\/media?parent=1436"}],"curies":[{"name":"wp","href":"https:\/\/api.w.org\/{rel}","templated":true}]}}