{"id":1433,"date":"2017-12-01T12:30:09","date_gmt":"2017-12-01T18:30:09","guid":{"rendered":"https:\/\/aknabebe.com\/?page_id=1433"},"modified":"2020-06-08T15:15:40","modified_gmt":"2020-06-08T20:15:40","slug":"groupe-de-parole","status":"publish","type":"page","link":"https:\/\/aknabebes.com\/fr\/groupe-de-parole\/","title":{"rendered":"Groupe de parole"},"content":{"rendered":"\n<div class=\"container section-title-container\" ><h3 class=\"section-title section-title-bold\"><b><\/b><span class=\"section-title-main\" >Groupe de parole<\/span><b><\/b><\/h3><\/div>\n\n\t<div class=\"img has-hover x md-x lg-x y md-y lg-y\" id=\"image_1423705570\">\n\t\t\t\t\t\t\t\t<div class=\"img-inner dark\" >\n\t\t\t<img width=\"1000\" height=\"667\" src=\"https:\/\/aknabebes.com\/wp-content\/uploads\/2017\/12\/shutterstock_5847026831.jpg\" class=\"attachment-large size-large\" alt=\"\" loading=\"lazy\" srcset=\"https:\/\/aknabebes.com\/wp-content\/uploads\/2017\/12\/shutterstock_5847026831.jpg 1000w, https:\/\/aknabebes.com\/wp-content\/uploads\/2017\/12\/shutterstock_5847026831-600x400.jpg 600w, https:\/\/aknabebes.com\/wp-content\/uploads\/2017\/12\/shutterstock_5847026831-768x512.jpg 768w\" sizes=\"(max-width: 1000px) 100vw, 1000px\" \/>\t\t\t\t\t\t\n\t\t\t\t\t<\/div>\n\t\t\t\t\t\t\t\t\n<style>\n#image_1423705570 {\n  width: 100%;\n}\n<\/style>\n\t<\/div>\n\t\n\n\t<div id=\"gap-1581696526\" class=\"gap-element clearfix\" style=\"display:block; height:auto;\">\n\t\t\n<style>\n#gap-1581696526 {\n  padding-top: 30px;\n}\n<\/style>\n\t<\/div>\n\t\n\n<p>Le groupe de soutien est un espace qui offre aux parents la possibilit\u00e9 de partager en toute confidentialit\u00e9 et sans jugement leurs exp\u00e9riences, peurs, joies et pens\u00e9es li\u00e9es \u00e0 la maternit\u00e9 et \u00e0 la parentalit\u00e9.<\/p>\n<p>L&rsquo;exp\u00e9rience de la grossesse et la relation des parents avec leurs enfants dans les premi\u00e8res ann\u00e9es de la vie peuvent g\u00e9n\u00e9rer de l&rsquo;incertitude et des doutes chez la m\u00e8re, comme chez son partenaire, afin Ils trouveront dans le groupe un cadre et une compr\u00e9hension qui les confortera dans leur fonction parentale.<\/p>\n<p>Les psychologues qui le coordonnent ont pour r\u00f4le de mod\u00e9rer, d&rsquo;aider et de guider, mais surtout de maintenir l&rsquo;\u00e9change et la neutralit\u00e9 dans le groupe.<\/p>\n<ul>\n<li><strong>Groupe pour femmes enceintes avec ou sans partenaire :<\/strong> la grossesse engendre d&rsquo;importants changements physiques et psychologiques. Le groupe permet aux femmes de se sentir libres de parler de leur grossesse, de leurs angoisses concernant la maternit\u00e9 ou l&rsquo;accouchement, de leurs changements dans la dynamique du couple, entre autres. L&rsquo;\u00e9tat de fragilit\u00e9 dans lequel se trouvent certaines m\u00e8res r\u00e9active des exp\u00e9riences douloureuses. En parlant et en partageant en groupe, vous avez \/elles ont\/ la chance de vivre cette \u00e9tape plus sereinement.<\/li>\n<\/ul>\n<ul>\n<li><strong>Groupe de papas et de mamans :<\/strong> Ils peuvent venir avec ou sans leur b\u00e9b\u00e9, aborder des sujets tels que : l\u2019exp\u00e9rience de l\u2019accouchement, le d\u00e9sir d&rsquo;attendre ce b\u00e9b\u00e9, l\u2019allaitement et l\u2019alimentation, le d\u00e9veloppement du b\u00e9b\u00e9, les nouveaux r\u00f4les de chaque membre de la famille par rapport \u00e0 l\u2019arriv\u00e9e d\u2019un enfant, la rivalit\u00e9 fraternelle, le retour au travail, les s\u00e9parations<\/li>\n<\/ul>\n\n","protected":false},"excerpt":{"rendered":"<p>Le groupe de soutien est un espace qui offre aux parents la possibilit\u00e9 de partager en toute confidentialit\u00e9 et sans jugement leurs exp\u00e9riences, peurs, joies et pens\u00e9es li\u00e9es \u00e0 la maternit\u00e9 et \u00e0 la parentalit\u00e9. L&rsquo;exp\u00e9rience de la grossesse et la relation des parents avec leurs enfants dans les premi\u00e8res ann\u00e9es de la vie peuvent[&#8230;]\n","protected":false},"author":3,"featured_media":0,"parent":0,"menu_order":0,"comment_status":"closed","ping_status":"closed","template":"page-right-sidebar.php","meta":{"inline_featured_image":false},"_links":{"self":[{"href":"https:\/\/aknabebes.com\/fr\/wp-json\/wp\/v2\/pages\/1433"}],"collection":[{"href":"https:\/\/aknabebes.com\/fr\/wp-json\/wp\/v2\/pages"}],"about":[{"href":"https:\/\/aknabebes.com\/fr\/wp-json\/wp\/v2\/types\/page"}],"author":[{"embeddable":true,"href":"https:\/\/aknabebes.com\/fr\/wp-json\/wp\/v2\/users\/3"}],"replies":[{"embeddable":true,"href":"https:\/\/aknabebes.com\/fr\/wp-json\/wp\/v2\/comments?post=1433"}],"version-history":[{"count":6,"href":"https:\/\/aknabebes.com\/fr\/wp-json\/wp\/v2\/pages\/1433\/revisions"}],"predecessor-version":[{"id":1859,"href":"https:\/\/aknabebes.com\/fr\/wp-json\/wp\/v2\/pages\/1433\/revisions\/1859"}],"wp:attachment":[{"href":"https:\/\/aknabebes.com\/fr\/wp-json\/wp\/v2\/media?parent=1433"}],"curies":[{"name":"wp","href":"https:\/\/api.w.org\/{rel}","templated":true}]}}