{"id":1424,"date":"2017-09-04T13:18:41","date_gmt":"2017-09-04T18:18:41","guid":{"rendered":"https:\/\/aknabebe.com\/?page_id=1424"},"modified":"2020-06-08T16:40:47","modified_gmt":"2020-06-08T21:40:47","slug":"contact","status":"publish","type":"page","link":"https:\/\/aknabebes.com\/fr\/contact\/","title":{"rendered":"Contact"},"content":{"rendered":"\n\n  <div class=\"banner has-hover\" id=\"banner-675551452\">\n          <div class=\"banner-inner fill\">\n        <div class=\"banner-bg fill\" >\n            <div class=\"bg fill bg-fill \"><\/div>\n                        <div class=\"overlay\"><\/div>            \n                    <\/div>\n\t\t\n        <div class=\"banner-layers container\">\n            <div class=\"fill banner-link\"><\/div>            \n\n   <div id=\"text-box-498151070\" class=\"text-box banner-layer x5 md-x5 lg-x5 y95 md-y95 lg-y95 res-text\">\n                                <div class=\"text-box-content text dark\">\n              \n              <div class=\"text-inner text-left\">\n                  \n\n<h2 class=\"uppercase alt-font\"><strong>CONTACT<\/strong><\/h2>\n\n              <\/div>\n           <\/div>\n                            \n<style>\n#text-box-498151070 {\n  width: 60%;\n}\n#text-box-498151070 .text-box-content {\n  font-size: 100%;\n}\n@media (min-width:550px) {\n  #text-box-498151070 {\n    width: 40%;\n  }\n}\n<\/style>\n    <\/div>\n \n\n        <\/div>\n      <\/div>\n\n            \n<style>\n#banner-675551452 {\n  padding-top: 400px;\n  background-color: rgb(255, 255, 255);\n}\n#banner-675551452 .bg.bg-loaded {\n  background-image: url(https:\/\/aknabebes.com\/wp-content\/uploads\/2020\/05\/contact.jpg);\n}\n#banner-675551452 .overlay {\n  background-color: rgba(190, 190, 190, 0.2);\n}\n#banner-675551452 .bg {\n  background-position: 72% 79%;\n}\n#banner-675551452 .ux-shape-divider--top svg {\n  height: 150px;\n  --divider-top-width: 100%;\n}\n#banner-675551452 .ux-shape-divider--bottom svg {\n  height: 150px;\n  --divider-width: 100%;\n}\n<\/style>\n  <\/div>\n\n\n\t<div id=\"gap-1491412034\" class=\"gap-element clearfix\" style=\"display:block; height:auto;\">\n\t\t\n<style>\n#gap-1491412034 {\n  padding-top: 30px;\n}\n<\/style>\n\t<\/div>\n\t\n\n<p><strong>Vous \u00eates enceinte ?  Vous avez des doutes avec votre b\u00e9b\u00e9 ou enfant ?<\/strong><\/p>\n<p style=\"text-align: justified;\"><strong>\u00c9crivez-nous ici. <\/strong>Nous vous r\u00e9pondrons en moins de 24 heures.<strong><br \/><\/strong><\/p>\n<p style=\"text-align: justified;\"> <\/p>\n<div role=\"form\" class=\"wpcf7\" id=\"wpcf7-f1705-o1\" lang=\"es-ES\" dir=\"ltr\">\n<div class=\"screen-reader-response\"><p role=\"status\" aria-live=\"polite\" aria-atomic=\"true\"><\/p> <ul><\/ul><\/div>\n<form action=\"\/fr\/wp-json\/wp\/v2\/pages\/1424#wpcf7-f1705-o1\" method=\"post\" class=\"wpcf7-form init\" novalidate=\"novalidate\" data-status=\"init\">\n<div style=\"display: none;\">\n<input type=\"hidden\" name=\"_wpcf7\" value=\"1705\" \/>\n<input type=\"hidden\" name=\"_wpcf7_version\" value=\"5.6.4\" \/>\n<input type=\"hidden\" name=\"_wpcf7_locale\" value=\"es_ES\" \/>\n<input type=\"hidden\" name=\"_wpcf7_unit_tag\" value=\"wpcf7-f1705-o1\" \/>\n<input type=\"hidden\" name=\"_wpcf7_container_post\" value=\"0\" \/>\n<input type=\"hidden\" name=\"_wpcf7_posted_data_hash\" value=\"\" \/>\n<input type=\"hidden\" name=\"_wpcf7_recaptcha_response\" value=\"\" \/>\n<\/div>\n<p><label> Nom (obligatoire):<br \/>\n    <span class=\"wpcf7-form-control-wrap\" data-name=\"your-name\"><input type=\"text\" name=\"your-name\" value=\"\" size=\"40\" class=\"wpcf7-form-control wpcf7-text wpcf7-validates-as-required\" aria-required=\"true\" aria-invalid=\"false\" \/><\/span> <\/label><\/p>\n<p><label> Email (requis):<br \/>\n    <span class=\"wpcf7-form-control-wrap\" data-name=\"your-email\"><input type=\"email\" name=\"your-email\" value=\"\" size=\"40\" class=\"wpcf7-form-control wpcf7-text wpcf7-email wpcf7-validates-as-required wpcf7-validates-as-email\" aria-required=\"true\" aria-invalid=\"false\" \/><\/span> <\/label><\/p>\n<p><label> T\u00e9l\u00e9phone (requis):<br \/>\n    <span class=\"wpcf7-form-control-wrap\" data-name=\"tel-90\"><input type=\"tel\" name=\"tel-90\" value=\"\" size=\"40\" class=\"wpcf7-form-control wpcf7-text wpcf7-tel wpcf7-validates-as-required wpcf7-validates-as-tel\" aria-required=\"true\" aria-invalid=\"false\" \/><\/span> <\/label><\/p>\n<p><label> Message<br \/>\n    <span class=\"wpcf7-form-control-wrap\" data-name=\"your-message\"><textarea name=\"your-message\" cols=\"40\" rows=\"10\" class=\"wpcf7-form-control wpcf7-textarea\" aria-invalid=\"false\"><\/textarea><\/span> <\/label><\/p>\n<p><input type=\"submit\" value=\"Envoyer\" class=\"wpcf7-form-control has-spinner wpcf7-submit\" \/><\/p>\n<div class=\"wpcf7-response-output\" aria-hidden=\"true\"><\/div><\/form><\/div>\n\n<p style=\"text-align: justified;\">Vous pouvez nous contacter directement aux num\u00e9ros suivants :<\/p>\n<p style=\"text-align: justified;\">Portable(+52) 155 34716128 ou (+52)1 55 5185 0663<\/p>\n<p style=\"text-align: justified;\">Vous pouvez \u00e9galement \u00e9crire \u00e0 cet e-mail pour tout commentaire, question et planifier votre premier rendez-vous : <strong>info<\/strong><span style=\"color: #000000;\"><strong>@aknabebes.com<\/strong> <\/span><\/p>\n<p>Consultation en espagnol et en fran\u00e7ais.<\/p>\n\n","protected":false},"excerpt":{"rendered":"<p>Vous \u00eates enceinte ? Vous avez des doutes avec votre b\u00e9b\u00e9 ou enfant ? \u00c9crivez-nous ici. Nous vous r\u00e9pondrons en moins de 24 heures. Vous pouvez nous contacter directement aux num\u00e9ros suivants : Portable(+52) 155 34716128 ou (+52)1 55 5185 0663 Vous pouvez \u00e9galement \u00e9crire \u00e0 cet e-mail pour tout commentaire, question et planifier votre[&#8230;]\n","protected":false},"author":3,"featured_media":0,"parent":0,"menu_order":0,"comment_status":"closed","ping_status":"closed","template":"page-right-sidebar.php","meta":{"inline_featured_image":false},"_links":{"self":[{"href":"https:\/\/aknabebes.com\/fr\/wp-json\/wp\/v2\/pages\/1424"}],"collection":[{"href":"https:\/\/aknabebes.com\/fr\/wp-json\/wp\/v2\/pages"}],"about":[{"href":"https:\/\/aknabebes.com\/fr\/wp-json\/wp\/v2\/types\/page"}],"author":[{"embeddable":true,"href":"https:\/\/aknabebes.com\/fr\/wp-json\/wp\/v2\/users\/3"}],"replies":[{"embeddable":true,"href":"https:\/\/aknabebes.com\/fr\/wp-json\/wp\/v2\/comments?post=1424"}],"version-history":[{"count":20,"href":"https:\/\/aknabebes.com\/fr\/wp-json\/wp\/v2\/pages\/1424\/revisions"}],"predecessor-version":[{"id":1864,"href":"https:\/\/aknabebes.com\/fr\/wp-json\/wp\/v2\/pages\/1424\/revisions\/1864"}],"wp:attachment":[{"href":"https:\/\/aknabebes.com\/fr\/wp-json\/wp\/v2\/media?parent=1424"}],"curies":[{"name":"wp","href":"https:\/\/api.w.org\/{rel}","templated":true}]}}