{"id":1420,"date":"2017-10-05T11:23:04","date_gmt":"2017-10-05T16:23:04","guid":{"rendered":"https:\/\/aknabebe.com\/?page_id=1420"},"modified":"2020-06-07T12:34:23","modified_gmt":"2020-06-07T17:34:23","slug":"consultas-padres-bebe","status":"publish","type":"page","link":"https:\/\/aknabebes.com\/fr\/consultas-padres-bebe\/","title":{"rendered":"Consultations parents-b\u00e9b\u00e9s"},"content":{"rendered":"\n<div class=\"container section-title-container\" ><h3 class=\"section-title section-title-bold\"><b><\/b><span class=\"section-title-main\" >Consultations parents-b\u00e9b\u00e9s<\/span><b><\/b><\/h3><\/div>\n\n\t<div class=\"img has-hover x md-x lg-x y md-y lg-y\" id=\"image_1313556051\">\n\t\t\t\t\t\t\t\t<div class=\"img-inner dark\" >\n\t\t\t<img width=\"1000\" height=\"677\" src=\"https:\/\/aknabebes.com\/wp-content\/uploads\/2018\/06\/shutterstock_338721602.jpg\" class=\"attachment-large size-large\" alt=\"\" loading=\"lazy\" srcset=\"https:\/\/aknabebes.com\/wp-content\/uploads\/2018\/06\/shutterstock_338721602.jpg 1000w, https:\/\/aknabebes.com\/wp-content\/uploads\/2018\/06\/shutterstock_338721602-591x400.jpg 591w, https:\/\/aknabebes.com\/wp-content\/uploads\/2018\/06\/shutterstock_338721602-768x520.jpg 768w, https:\/\/aknabebes.com\/wp-content\/uploads\/2018\/06\/shutterstock_338721602-600x406.jpg 600w\" sizes=\"(max-width: 1000px) 100vw, 1000px\" \/>\t\t\t\t\t\t\n\t\t\t\t\t<\/div>\n\t\t\t\t\t\t\t\t\n<style>\n#image_1313556051 {\n  width: 100%;\n}\n<\/style>\n\t<\/div>\n\t\n\n\t<div id=\"gap-802861257\" class=\"gap-element clearfix\" style=\"display:block; height:auto;\">\n\t\t\n<style>\n#gap-802861257 {\n  padding-top: 30px;\n}\n<\/style>\n\t<\/div>\n\t\n\n<p>La consultation conjointe parent-b\u00e9b\u00e9 est une modalit\u00e9 d&rsquo;intervention th\u00e9rapeutique courte qui s&rsquo;adresse aux parents avec leur b\u00e9b\u00e9 de la naissance \u00e0 environ la troisi\u00e8me ann\u00e9e de vie. Elle a \u00e9t\u00e9 con\u00e7ue principalement pour les b\u00e9b\u00e9s qui ont des probl\u00e8mes fonctionnels (troubles du sommeil et de l&rsquo;alimentation ou principalement des troubles psychosomatiques) mais aussi des probl\u00e8mes de comportement (agressivit\u00e9, opposition, hyperactivit\u00e9). La consultation permet de d\u00e9tecter les difficult\u00e9s de lien entre les parents de b\u00e9b\u00e9 et aide \u00e0 comprendre l&rsquo;apparence des sympt\u00f4mes du b\u00e9b\u00e9.<\/p>\n<p><img loading=\"lazy\" class=\" wp-image-1039 alignleft\" src=\"https:\/\/aknabebes.com\/wp-content\/uploads\/2018\/06\/newborn-2553566_1920-600x400.jpg\" alt=\"\" width=\"383\" height=\"304\" \/>La consultation aide \u00e9galement les parents \u00e0 prendre conscience de certaines repr\u00e9sentations qu&rsquo;ils ont de leur enfant et \u00e0 \u00ab\u00a0leur rappeler\u00a0\u00bb des exp\u00e9riences v\u00e9cues dans leur famille d\u2019origine et ainsi mieux comprendre la relation actuelle avec leur b\u00e9b\u00e9.<\/p>\n<p>En cas de situations d\u00e9licates (pr\u00e9maturit\u00e9, maladie physique ou cong\u00e9nitale du b\u00e9b\u00e9, d\u00e9pression post-partum, hospitalisation de la m\u00e8re, etc.) dans lesquelles la famille peut se sentir encore plus vuln\u00e9rable, la consultation se d\u00e9roule dans un cadre \u00e9motionnel \/tendant \u00e0\/visant \u00e0\/permettant de\/ pr\u00e9venir de possibles troubles dans le d\u00e9veloppement futur de l&rsquo;enfant<\/p>\n<p>Notre approche s&rsquo;inspire des contributions de l&rsquo;\u00e9cole psychanalytique fran\u00e7aise de Serge Lebovici (Golse, Missonnier, Mazet) et d&rsquo;autres \u00e9quipes qui travaillent depuis de nombreuses ann\u00e9es sur le lien parent-b\u00e9b\u00e9 pr\u00e9coce (Winnicott, Cramer, etc.).<\/p>\n\n","protected":false},"excerpt":{"rendered":"<p>La consultation conjointe parent-b\u00e9b\u00e9 est une modalit\u00e9 d&rsquo;intervention th\u00e9rapeutique courte qui s&rsquo;adresse aux parents avec leur b\u00e9b\u00e9 de la naissance \u00e0 environ la troisi\u00e8me ann\u00e9e de vie. Elle a \u00e9t\u00e9 con\u00e7ue principalement pour les b\u00e9b\u00e9s qui ont des probl\u00e8mes fonctionnels (troubles du sommeil et de l&rsquo;alimentation ou principalement des troubles psychosomatiques) mais aussi des probl\u00e8mes[&#8230;]\n","protected":false},"author":3,"featured_media":0,"parent":0,"menu_order":0,"comment_status":"closed","ping_status":"closed","template":"page-right-sidebar.php","meta":{"inline_featured_image":false},"_links":{"self":[{"href":"https:\/\/aknabebes.com\/fr\/wp-json\/wp\/v2\/pages\/1420"}],"collection":[{"href":"https:\/\/aknabebes.com\/fr\/wp-json\/wp\/v2\/pages"}],"about":[{"href":"https:\/\/aknabebes.com\/fr\/wp-json\/wp\/v2\/types\/page"}],"author":[{"embeddable":true,"href":"https:\/\/aknabebes.com\/fr\/wp-json\/wp\/v2\/users\/3"}],"replies":[{"embeddable":true,"href":"https:\/\/aknabebes.com\/fr\/wp-json\/wp\/v2\/comments?post=1420"}],"version-history":[{"count":7,"href":"https:\/\/aknabebes.com\/fr\/wp-json\/wp\/v2\/pages\/1420\/revisions"}],"predecessor-version":[{"id":1855,"href":"https:\/\/aknabebes.com\/fr\/wp-json\/wp\/v2\/pages\/1420\/revisions\/1855"}],"wp:attachment":[{"href":"https:\/\/aknabebes.com\/fr\/wp-json\/wp\/v2\/media?parent=1420"}],"curies":[{"name":"wp","href":"https:\/\/api.w.org\/{rel}","templated":true}]}}