{"id":1418,"date":"2017-10-05T11:23:04","date_gmt":"2017-10-05T16:23:04","guid":{"rendered":"https:\/\/aknabebe.com\/?page_id=1418"},"modified":"2020-06-08T15:26:45","modified_gmt":"2020-06-08T20:26:45","slug":"formation-personnel-de-sante","status":"publish","type":"page","link":"https:\/\/aknabebes.com\/fr\/formation-personnel-de-sante\/","title":{"rendered":"Formation  personnel de sant\u00e9"},"content":{"rendered":"\n<div class=\"container section-title-container\" ><h3 class=\"section-title section-title-bold\"><b><\/b><span class=\"section-title-main\" >FORMATION DU PERSONNEL DE SANT\u00c9<\/span><b><\/b><\/h3><\/div>\n\n\t<div class=\"img has-hover x md-x lg-x y md-y lg-y\" id=\"image_1173308112\">\n\t\t\t\t\t\t\t\t<div class=\"img-inner dark\" >\n\t\t\t<img width=\"1000\" height=\"677\" src=\"https:\/\/aknabebes.com\/wp-content\/uploads\/2018\/06\/shutterstock_414166402.jpg\" class=\"attachment-large size-large\" alt=\"\" loading=\"lazy\" srcset=\"https:\/\/aknabebes.com\/wp-content\/uploads\/2018\/06\/shutterstock_414166402.jpg 1000w, https:\/\/aknabebes.com\/wp-content\/uploads\/2018\/06\/shutterstock_414166402-591x400.jpg 591w, https:\/\/aknabebes.com\/wp-content\/uploads\/2018\/06\/shutterstock_414166402-768x520.jpg 768w, https:\/\/aknabebes.com\/wp-content\/uploads\/2018\/06\/shutterstock_414166402-600x406.jpg 600w\" sizes=\"(max-width: 1000px) 100vw, 1000px\" \/>\t\t\t\t\t\t\n\t\t\t\t\t<\/div>\n\t\t\t\t\t\t\t\t\n<style>\n#image_1173308112 {\n  width: 100%;\n}\n<\/style>\n\t<\/div>\n\t\n\n\t<div id=\"gap-505575551\" class=\"gap-element clearfix\" style=\"display:block; height:auto;\">\n\t\t\n<style>\n#gap-505575551 {\n  padding-top: 30px;\n}\n<\/style>\n\t<\/div>\n\t\n\n<p>Le travail de r\u00e9flexion avec les \u00e9quipes m\u00e9dicales leur permet d&rsquo;avoir une approche diff\u00e9rente avec les parents et leurs b\u00e9b\u00e9s, \u00e0 l&rsquo;abri des pr\u00e9jug\u00e9s, sans prendre leur place. Ils comprennent mieux le poids des mots et ont une compr\u00e9hension plus compl\u00e8te de l&rsquo;enfant. L&rsquo;\u00e9quipe m\u00e9dicale peut alors mieux soutenir les parents.<\/p>\n<p>Les infirmi\u00e8res et les soignants sont confront\u00e9s \u00e0 un environnement tr\u00e8s technique, des gestes extr\u00eamement pr\u00e9cis leur sont demand\u00e9s, ils craignent de faire des erreurs. La tentation peut \u00eatre grande d&rsquo;oublier qu&rsquo;il y a un b\u00e9b\u00e9, ne s&rsquo;occupant que des machines et des corps. .<\/p>\n<p>Accepter ce moment de pause avec le psychologue, o\u00f9 il y a, pour un temps, des mots, pas des actes, les infirmi\u00e8res peuvent aider ce b\u00e9b\u00e9 \u00e0 ne pas seulement \u00eatre un corps objet, elles peuvent mettre \u00e0 distance leurs \u00e9motions et prendre en compte la souffrance de l\u2019enfant et de ses parents.<\/p>\n<p>Nous proposons des formations pour:<\/p>\n<ul>\n<li><strong>Le personnel de sant\u00e9 des h\u00f4pitaux<\/strong> (p\u00e9diatres, gyn\u00e9cologues, infirmi\u00e8res) qui travaille en relation avec les m\u00e8res et leurs b\u00e9b\u00e9s (service de n\u00e9onatologie, soins intensifs, etc.) afin de les sensibiliser au lien pr\u00e9coce m\u00e8re-b\u00e9b\u00e9 et au d\u00e9veloppement de l&rsquo;enfant.<\/li>\n<li><strong>Groupes de r\u00e9flexion<\/strong> pour le personnel de sant\u00e9 confront\u00e9 \u00e0 des cas difficiles et \u00e0 un stress professionnel important.<\/li>\n<\/ul>\n\n","protected":false},"excerpt":{"rendered":"<p>Le travail de r\u00e9flexion avec les \u00e9quipes m\u00e9dicales leur permet d&rsquo;avoir une approche diff\u00e9rente avec les parents et leurs b\u00e9b\u00e9s, \u00e0 l&rsquo;abri des pr\u00e9jug\u00e9s, sans prendre leur place. Ils comprennent mieux le poids des mots et ont une compr\u00e9hension plus compl\u00e8te de l&rsquo;enfant. L&rsquo;\u00e9quipe m\u00e9dicale peut alors mieux soutenir les parents. Les infirmi\u00e8res et les[&#8230;]\n","protected":false},"author":3,"featured_media":0,"parent":0,"menu_order":0,"comment_status":"closed","ping_status":"closed","template":"page-right-sidebar.php","meta":{"inline_featured_image":false},"_links":{"self":[{"href":"https:\/\/aknabebes.com\/fr\/wp-json\/wp\/v2\/pages\/1418"}],"collection":[{"href":"https:\/\/aknabebes.com\/fr\/wp-json\/wp\/v2\/pages"}],"about":[{"href":"https:\/\/aknabebes.com\/fr\/wp-json\/wp\/v2\/types\/page"}],"author":[{"embeddable":true,"href":"https:\/\/aknabebes.com\/fr\/wp-json\/wp\/v2\/users\/3"}],"replies":[{"embeddable":true,"href":"https:\/\/aknabebes.com\/fr\/wp-json\/wp\/v2\/comments?post=1418"}],"version-history":[{"count":6,"href":"https:\/\/aknabebes.com\/fr\/wp-json\/wp\/v2\/pages\/1418\/revisions"}],"predecessor-version":[{"id":1861,"href":"https:\/\/aknabebes.com\/fr\/wp-json\/wp\/v2\/pages\/1418\/revisions\/1861"}],"wp:attachment":[{"href":"https:\/\/aknabebes.com\/fr\/wp-json\/wp\/v2\/media?parent=1418"}],"curies":[{"name":"wp","href":"https:\/\/api.w.org\/{rel}","templated":true}]}}