{"id":1322,"date":"2017-10-05T11:23:04","date_gmt":"2017-10-05T16:23:04","guid":{"rendered":"https:\/\/aknabebe.com\/?page_id=1322"},"modified":"2020-05-22T01:21:27","modified_gmt":"2020-05-22T06:21:27","slug":"akna","status":"publish","type":"page","link":"https:\/\/aknabebes.com\/fr\/akna\/","title":{"rendered":"AKNA"},"content":{"rendered":"\n<div class=\"container section-title-container\" ><h3 class=\"section-title section-title-bold\"><b><\/b><span class=\"section-title-main\" >AKNA<\/span><b><\/b><\/h3><\/div>\n\n\n  <div class=\"banner has-hover\" id=\"banner-217422044\">\n          <div class=\"banner-inner fill\">\n        <div class=\"banner-bg fill\" >\n            <div class=\"bg fill bg-fill \"><\/div>\n                        <div class=\"overlay\"><\/div>            \n                    <\/div>\n\t\t\n        <div class=\"banner-layers container\">\n            <div class=\"fill banner-link\"><\/div>            \n\n   <div id=\"text-box-528042354\" class=\"text-box banner-layer x95 md-x95 lg-x95 y20 md-y20 lg-y20 res-text\">\n                                <div class=\"text-box-content text box-shadow-3\">\n              \n              <div class=\"text-inner text-left\">\n                  \n\n<h3>Chaque enfant<br>n\u00e9 ou \u00e0 na\u00eetre est<\/h3>\n<h1><span style=\"color: #f08989;\">le moteur<\/span><\/h1>\n<h3>d&rsquo;une nouvelle histoire<\/h3>\n\n              <\/div>\n           <\/div>\n                            \n<style>\n#text-box-528042354 .text-box-content {\n  background-color: rgba(255, 255, 255, 0.5);\n  font-size: 100%;\n}\n#text-box-528042354 .text-inner {\n  padding: 30px 30px 30px 30px;\n}\n#text-box-528042354 {\n  width: 60%;\n}\n@media (min-width:550px) {\n  #text-box-528042354 {\n    width: 31%;\n  }\n}\n<\/style>\n    <\/div>\n \n\n        <\/div>\n      <\/div>\n\n            \n<style>\n#banner-217422044 {\n  padding-top: 500px;\n}\n#banner-217422044 .bg.bg-loaded {\n  background-image: url(https:\/\/aknabebes.com\/wp-content\/uploads\/2020\/05\/Akna_embarazo_3.jpg);\n}\n#banner-217422044 .overlay {\n  background-color: rgba(0, 0, 0, 0.2);\n}\n#banner-217422044 .ux-shape-divider--top svg {\n  height: 150px;\n  --divider-top-width: 100%;\n}\n#banner-217422044 .ux-shape-divider--bottom svg {\n  height: 150px;\n  --divider-width: 100%;\n}\n<\/style>\n  <\/div>\n\n\n\t<div id=\"gap-517444804\" class=\"gap-element clearfix\" style=\"display:block; height:auto;\">\n\t\t\n<style>\n#gap-517444804 {\n  padding-top: 30px;\n}\n<\/style>\n\t<\/div>\n\t\n\n<p>La structure familiale se r\u00e9organis\u00e9e et la place de chacun est red\u00e9finie. Depuis la grossesse, la m\u00e8re est dans un \u00e9tat de plus grande vuln\u00e9rabilit\u00e9 au niveau psychologique. Les conflits de l&rsquo;histoire individuelle et transg\u00e9n\u00e9rationnelle de la m\u00e8re et du p\u00e8re sont \u00e9galement r\u00e9activ\u00e9s, rendant d\u00e9licate cette transition vers le r\u00f4le parental.<\/p>\n<p><img loading=\"lazy\" class=\"size-medium wp-image-890 alignleft\" src=\"https:\/\/aknabebes.com\/wp-content\/uploads\/2018\/06\/baby-2255473_1920-267x400.jpg\" alt=\"\" width=\"267\" height=\"400\" srcset=\"https:\/\/aknabebes.com\/wp-content\/uploads\/2018\/06\/baby-2255473_1920-267x400.jpg 267w, https:\/\/aknabebes.com\/wp-content\/uploads\/2018\/06\/baby-2255473_1920-533x800.jpg 533w, https:\/\/aknabebes.com\/wp-content\/uploads\/2018\/06\/baby-2255473_1920-768x1152.jpg 768w, https:\/\/aknabebes.com\/wp-content\/uploads\/2018\/06\/baby-2255473_1920-1024x1536.jpg 1024w, https:\/\/aknabebes.com\/wp-content\/uploads\/2018\/06\/baby-2255473_1920-600x900.jpg 600w, https:\/\/aknabebes.com\/wp-content\/uploads\/2018\/06\/baby-2255473_1920.jpg 1280w\" sizes=\"(max-width: 267px) 100vw, 267px\" \/>En revanche, de nombreux parents se sentent d\u00e9sorient\u00e9s lorsqu&rsquo;il s&rsquo;agit de prendre soin du nouveau-n\u00e9. Les troubles du sommeil et de l&rsquo;alimentation, pour ne citer que les plus courants, peuvent g\u00e9n\u00e9rer des situations de tension et d&rsquo;anxi\u00e9t\u00e9 pour les parents.<\/p>\n<p>Probablement pour ces raisons, les r\u00e9seaux sociaux abondent sur le th\u00e8me de la parentalit\u00e9 et de l&rsquo;\u00e9ducation et des groupes de m\u00e8res sont form\u00e9s pour r\u00e9soudre toutes sortes de questions concernant la maternit\u00e9, mais pas toujours avec <strong>d\u2019un point de vue professionnel<\/strong>.<\/p>\n<p>Cependant, si le processus de devenir parent a ses complications, il s&rsquo;agit en m\u00eame temps d&rsquo;un moment privil\u00e9gi\u00e9 au potentiel cr\u00e9atif, source de r\u00e9ajustements psychologiques structurants.<\/p>\n<p>L\u2019id\u00e9e de cr\u00e9er <span style=\"color: #f08989;\"><strong>AKNA<\/strong><\/span> \u00e9merge du d\u00e9sir d\u2019 accompagner psychologiquement les parents et leur b\u00e9b\u00e9.<\/p>\n<p>L&rsquo;intervention psychologique p\u00e9rinatale couvre le stade de la grossesse jusqu&rsquo;aux 3 premi\u00e8res ann\u00e9es de vie. Elle a une dimension pr\u00e9ventive importante car elle permet une identification pr\u00e9coce des perturbations de l&rsquo;interaction parent-b\u00e9b\u00e9, \u00e9vitant ainsi la formation de sympt\u00f4mes chez le b\u00e9b\u00e9 ou des troubles du d\u00e9veloppement.<\/p>\n<p><img loading=\"lazy\" class=\" wp-image-561 alignright\" src=\"https:\/\/aknabebes.com\/wp-content\/uploads\/2017\/10\/baby-holding-hand-847820_1920-600x400.jpg\" alt=\"\" width=\"321\" height=\"220\"><\/p>\n<p>(pr\u00e9maturit\u00e9, maladie physique ou cong\u00e9nitale du b\u00e9b\u00e9, d\u00e9pression post-partum ..)<\/p>\n<p><span style=\"color: #f08989;\"><strong>Chez AKNA, nous pensons que fournir un sentiment de soutien et de s\u00e9curit\u00e9 aux parents peut influencer favorablement le d\u00e9veloppement du b\u00e9b\u00e9 et de sa famille.<\/strong><\/span><\/p>\n\n","protected":false},"excerpt":{"rendered":"<p>La structure familiale se r\u00e9organis\u00e9e et la place de chacun est red\u00e9finie. Depuis la grossesse, la m\u00e8re est dans un \u00e9tat de plus grande vuln\u00e9rabilit\u00e9 au niveau psychologique. Les conflits de l&rsquo;histoire individuelle et transg\u00e9n\u00e9rationnelle de la m\u00e8re et du p\u00e8re sont \u00e9galement r\u00e9activ\u00e9s, rendant d\u00e9licate cette transition vers le r\u00f4le parental. En revanche, de[&#8230;]\n","protected":false},"author":2,"featured_media":0,"parent":0,"menu_order":0,"comment_status":"closed","ping_status":"closed","template":"page-right-sidebar.php","meta":{"inline_featured_image":false},"_links":{"self":[{"href":"https:\/\/aknabebes.com\/fr\/wp-json\/wp\/v2\/pages\/1322"}],"collection":[{"href":"https:\/\/aknabebes.com\/fr\/wp-json\/wp\/v2\/pages"}],"about":[{"href":"https:\/\/aknabebes.com\/fr\/wp-json\/wp\/v2\/types\/page"}],"author":[{"embeddable":true,"href":"https:\/\/aknabebes.com\/fr\/wp-json\/wp\/v2\/users\/2"}],"replies":[{"embeddable":true,"href":"https:\/\/aknabebes.com\/fr\/wp-json\/wp\/v2\/comments?post=1322"}],"version-history":[{"count":22,"href":"https:\/\/aknabebes.com\/fr\/wp-json\/wp\/v2\/pages\/1322\/revisions"}],"predecessor-version":[{"id":1682,"href":"https:\/\/aknabebes.com\/fr\/wp-json\/wp\/v2\/pages\/1322\/revisions\/1682"}],"wp:attachment":[{"href":"https:\/\/aknabebes.com\/fr\/wp-json\/wp\/v2\/media?parent=1322"}],"curies":[{"name":"wp","href":"https:\/\/api.w.org\/{rel}","templated":true}]}}